{"id":2391,"date":"2024-04-23T12:05:32","date_gmt":"2024-04-23T12:05:32","guid":{"rendered":"https:\/\/cemda.ma\/?page_id=2391"},"modified":"2024-05-13T20:27:58","modified_gmt":"2024-05-13T20:27:58","slug":"blogs","status":"publish","type":"page","link":"https:\/\/cemda.ma\/?page_id=2391","title":{"rendered":"Blogs"},"content":{"rendered":"\t\t<div data-elementor-type=\"wp-page\" data-elementor-id=\"2391\" class=\"elementor elementor-2391\" data-elementor-post-type=\"page\">\n\t\t\t\t<div class=\"elementor-element elementor-element-cc3c1ea e-flex e-con-boxed e-con e-parent\" data-id=\"cc3c1ea\" data-element_type=\"container\" data-settings=\"{&quot;background_background&quot;:&quot;gradient&quot;}\">\n\t\t\t\t\t<div class=\"e-con-inner\">\n\t\t<div class=\"elementor-element elementor-element-bd395cc e-con-full e-flex e-con e-child\" data-id=\"bd395cc\" data-element_type=\"container\">\n\t\t\t\t<div class=\"elementor-element elementor-element-6b68f43 elementor-widget elementor-widget-heading\" data-id=\"6b68f43\" data-element_type=\"widget\" data-widget_type=\"heading.default\">\n\t\t\t\t<div class=\"elementor-widget-container\">\n\t\t\t<style>\/*! elementor - v3.23.0 - 15-07-2024 *\/\n.elementor-heading-title{padding:0;margin:0;line-height:1}.elementor-widget-heading .elementor-heading-title[class*=elementor-size-]>a{color:inherit;font-size:inherit;line-height:inherit}.elementor-widget-heading .elementor-heading-title.elementor-size-small{font-size:15px}.elementor-widget-heading .elementor-heading-title.elementor-size-medium{font-size:19px}.elementor-widget-heading .elementor-heading-title.elementor-size-large{font-size:29px}.elementor-widget-heading .elementor-heading-title.elementor-size-xl{font-size:39px}.elementor-widget-heading .elementor-heading-title.elementor-size-xxl{font-size:59px}<\/style><h2 class=\"elementor-heading-title elementor-size-default\">Actualit\u00e9s<\/h2>\t\t<\/div>\n\t\t\t\t<\/div>\n\t\t\t\t<\/div>\n\t\t<div class=\"elementor-element elementor-element-0a9d6db e-con-full e-flex e-con e-child\" data-id=\"0a9d6db\" data-element_type=\"container\">\n\t\t\t\t<div class=\"elementor-element elementor-element-e0a8790 elementor-widget elementor-widget-heading\" data-id=\"e0a8790\" data-element_type=\"widget\" data-widget_type=\"heading.default\">\n\t\t\t\t<div class=\"elementor-widget-container\">\n\t\t\t<h2 class=\"elementor-heading-title elementor-size-default\"><a href=\"#\">Accueil \/ Actualit\u00e9s<\/a><\/h2>\t\t<\/div>\n\t\t\t\t<\/div>\n\t\t\t\t<\/div>\n\t\t\t\t\t<\/div>\n\t\t\t\t<\/div>\n\t\t<div class=\"elementor-element elementor-element-d1d366c elementor-hidden-tablet elementor-hidden-mobile e-flex e-con-boxed e-con e-parent\" data-id=\"d1d366c\" data-element_type=\"container\">\n\t\t\t\t\t<div class=\"e-con-inner\">\n\t\t\t\t<div class=\"elementor-element elementor-element-fdf04c6 elementor-posts--align-left elementor-widget__width-initial elementor-grid-1 elementor-posts--thumbnail-left elementor-grid-tablet-2 elementor-grid-mobile-1 elementor-widget elementor-widget-posts\" data-id=\"fdf04c6\" data-element_type=\"widget\" data-settings=\"{&quot;classic_columns&quot;:&quot;1&quot;,&quot;classic_row_gap&quot;:{&quot;unit&quot;:&quot;px&quot;,&quot;size&quot;:75,&quot;sizes&quot;:[]},&quot;classic_row_gap_mobile&quot;:{&quot;unit&quot;:&quot;px&quot;,&quot;size&quot;:65,&quot;sizes&quot;:[]},&quot;pagination_type&quot;:&quot;numbers&quot;,&quot;classic_columns_tablet&quot;:&quot;2&quot;,&quot;classic_columns_mobile&quot;:&quot;1&quot;,&quot;classic_row_gap_tablet&quot;:{&quot;unit&quot;:&quot;px&quot;,&quot;size&quot;:&quot;&quot;,&quot;sizes&quot;:[]}}\" data-widget_type=\"posts.classic\">\n\t\t\t\t<div class=\"elementor-widget-container\">\n\t\t\t<link rel=\"stylesheet\" href=\"https:\/\/cemda.ma\/wp-content\/plugins\/elementor-pro\/assets\/css\/widget-posts.min.css\">\t\t<div class=\"elementor-posts-container elementor-posts elementor-posts--skin-classic elementor-grid\">\n\t\t\t\t<article class=\"elementor-post elementor-grid-item post-3002 post type-post status-publish format-standard has-post-thumbnail hentry category-uncategorized tag-antirouille tag-bisulfite-de-moybdene tag-debloquant tag-degraissant tag-degrippant tag-detergent tag-galvanisant tag-galvanisant-aluminium tag-galvanisant-dore tag-graisse-alimentaire tag-graisse-au-cuivre tag-graisse-au-lithium tag-graisse-blanche tag-huile-de-coupe tag-huile-penetrante tag-industrie tag-lubrifiant tag-lubrifiant-alimentaire tag-lubrifiant-sec tag-manutention tag-nettoyant tag-nettoyant-air-conditionne tag-nettoyant-industriel tag-nettoyant-informatique tag-plastique tag-ptfe tag-soudure tag-spray-technique tag-zinc-brillant tag-zinc-spray\">\n\t\t\t\t<a class=\"elementor-post__thumbnail__link\" href=\"https:\/\/cemda.ma\/?p=3002\" tabindex=\"-1\" target=&quot;_blank&quot;>\n\t\t\t<div class=\"elementor-post__thumbnail\"><img fetchpriority=\"high\" decoding=\"async\" width=\"300\" height=\"300\" src=\"https:\/\/cemda.ma\/wp-content\/uploads\/2024\/05\/antiruggine_72_1-300x300.png\" class=\"attachment-medium size-medium wp-image-2798\" alt=\"\" srcset=\"https:\/\/cemda.ma\/wp-content\/uploads\/2024\/05\/antiruggine_72_1-300x300.png 300w, https:\/\/cemda.ma\/wp-content\/uploads\/2024\/05\/antiruggine_72_1-150x150.png 150w, https:\/\/cemda.ma\/wp-content\/uploads\/2024\/05\/antiruggine_72_1.png 500w\" sizes=\"(max-width: 300px) 100vw, 300px\" \/><\/div>\n\t\t<\/a>\n\t\t\t\t<div class=\"elementor-post__text\">\n\t\t\t\t<h1 class=\"elementor-post__title\">\n\t\t\t<a href=\"https:\/\/cemda.ma\/?p=3002\" target=&quot;_blank&quot;>\n\t\t\t\tANTIRUGGINE\t\t\t<\/a>\n\t\t<\/h1>\n\t\t\t\t<div class=\"elementor-post__meta-data\">\n\t\t\t\t\t<span class=\"elementor-post-date\">\n\t\t\tMay 10, 2024\t\t<\/span>\n\t\t\t\t<\/div>\n\t\t\t\t<div class=\"elementor-post__excerpt\">\n\t\t\t<p>ANTIRUGGINE Protecteur antirouille Un antirouille en spray pour : Manutention industrielle ANTIRUGGINE pr\u00e9sente les caract\u00e9ristiques suivantes : Prot\u00e8ge les m\u00e9taux ferreux Pour les moules de plastique Hydrophobe Film huileux \u00a0<\/p>\n\t\t<\/div>\n\t\t\t\t\t<div class=\"elementor-post__read-more-wrapper\">\n\t\t\n\t\t<a class=\"elementor-post__read-more\" href=\"https:\/\/cemda.ma\/?p=3002\" aria-label=\"Read more about ANTIRUGGINE\" tabindex=\"-1\" target=\"_blank\">\n\t\t\tEn savoir plus\t\t<\/a>\n\n\t\t\t\t\t<\/div>\n\t\t\t\t<\/div>\n\t\t\t\t<\/article>\n\t\t\t\t<article class=\"elementor-post elementor-grid-item post-2997 post type-post status-publish format-standard has-post-thumbnail hentry category-uncategorized tag-antirouille tag-bisulfite-de-moybdene tag-debloquant tag-degraissant tag-degrippant tag-detergent tag-galvanisant tag-galvanisant-aluminium tag-galvanisant-dore tag-graisse-alimentaire tag-graisse-au-cuivre tag-graisse-au-lithium tag-graisse-blanche tag-huile-de-coupe tag-huile-penetrante tag-industrie tag-lubrifiant tag-lubrifiant-alimentaire tag-lubrifiant-sec tag-manutention tag-nettoyant tag-nettoyant-air-conditionne tag-nettoyant-industriel tag-nettoyant-informatique tag-plastique tag-ptfe tag-soudure tag-spray-technique tag-zinc-brillant tag-zinc-spray\">\n\t\t\t\t<a class=\"elementor-post__thumbnail__link\" href=\"https:\/\/cemda.ma\/?p=2997\" tabindex=\"-1\" target=&quot;_blank&quot;>\n\t\t\t<div class=\"elementor-post__thumbnail\"><img decoding=\"async\" width=\"300\" height=\"300\" src=\"https:\/\/cemda.ma\/wp-content\/uploads\/2024\/05\/DETER-100-300x300.png\" class=\"attachment-medium size-medium wp-image-2799\" alt=\"\" srcset=\"https:\/\/cemda.ma\/wp-content\/uploads\/2024\/05\/DETER-100-300x300.png 300w, https:\/\/cemda.ma\/wp-content\/uploads\/2024\/05\/DETER-100-150x150.png 150w, https:\/\/cemda.ma\/wp-content\/uploads\/2024\/05\/DETER-100.png 500w\" sizes=\"(max-width: 300px) 100vw, 300px\" \/><\/div>\n\t\t<\/a>\n\t\t\t\t<div class=\"elementor-post__text\">\n\t\t\t\t<h1 class=\"elementor-post__title\">\n\t\t\t<a href=\"https:\/\/cemda.ma\/?p=2997\" target=&quot;_blank&quot;>\n\t\t\t\tDETER 100\t\t\t<\/a>\n\t\t<\/h1>\n\t\t\t\t<div class=\"elementor-post__meta-data\">\n\t\t\t\t\t<span class=\"elementor-post-date\">\n\t\t\tMay 10, 2024\t\t<\/span>\n\t\t\t\t<\/div>\n\t\t\t\t<div class=\"elementor-post__excerpt\">\n\t\t\t<p>DETER 100 Nettoyant d\u00e9graissant Un nettoyant en spray pour : Textile Manutention industrielle soudure DETER 100 pr\u00e9sente les caract\u00e9ristiques suivantes : Elimine la graisse, la colle, les incrustations, goudron Pour<\/p>\n\t\t<\/div>\n\t\t\t\t\t<div class=\"elementor-post__read-more-wrapper\">\n\t\t\n\t\t<a class=\"elementor-post__read-more\" href=\"https:\/\/cemda.ma\/?p=2997\" aria-label=\"Read more about DETER 100\" tabindex=\"-1\" target=\"_blank\">\n\t\t\tEn savoir plus\t\t<\/a>\n\n\t\t\t\t\t<\/div>\n\t\t\t\t<\/div>\n\t\t\t\t<\/article>\n\t\t\t\t<article class=\"elementor-post elementor-grid-item post-2992 post type-post status-publish format-standard has-post-thumbnail hentry category-uncategorized tag-antirouille tag-bisulfite-de-moybdene tag-debloquant tag-degrippant tag-detergent tag-galvanisant tag-galvanisant-aluminium tag-galvanisant-dore tag-graisse-alimentaire tag-graisse-au-cuivre tag-graisse-au-lithium tag-graisse-blanche tag-huile-de-coupe tag-huile-penetrante tag-industrie tag-lubrifiant tag-lubrifiant-alimentaire tag-lubrifiant-sec tag-manutention tag-nettoyant tag-nettoyant-air-conditionne tag-nettoyant-industriel tag-nettoyant-informatique tag-plastique tag-ptfe tag-soudure tag-spray-technique tag-zinc-brillant tag-zinc-spray\">\n\t\t\t\t<a class=\"elementor-post__thumbnail__link\" href=\"https:\/\/cemda.ma\/?p=2992\" tabindex=\"-1\" target=&quot;_blank&quot;>\n\t\t\t<div class=\"elementor-post__thumbnail\"><img decoding=\"async\" width=\"300\" height=\"300\" src=\"https:\/\/cemda.ma\/wp-content\/uploads\/2024\/05\/STARTER-APRIMAGLIA-300x300.png\" class=\"attachment-medium size-medium wp-image-2815\" alt=\"\" srcset=\"https:\/\/cemda.ma\/wp-content\/uploads\/2024\/05\/STARTER-APRIMAGLIA-300x300.png 300w, https:\/\/cemda.ma\/wp-content\/uploads\/2024\/05\/STARTER-APRIMAGLIA-150x150.png 150w, https:\/\/cemda.ma\/wp-content\/uploads\/2024\/05\/STARTER-APRIMAGLIA.png 500w\" sizes=\"(max-width: 300px) 100vw, 300px\" \/><\/div>\n\t\t<\/a>\n\t\t\t\t<div class=\"elementor-post__text\">\n\t\t\t\t<h1 class=\"elementor-post__title\">\n\t\t\t<a href=\"https:\/\/cemda.ma\/?p=2992\" target=&quot;_blank&quot;>\n\t\t\t\tSTARTER APRIMAGLIA\t\t\t<\/a>\n\t\t<\/h1>\n\t\t\t\t<div class=\"elementor-post__meta-data\">\n\t\t\t\t\t<span class=\"elementor-post-date\">\n\t\t\tMay 10, 2024\t\t<\/span>\n\t\t\t\t<\/div>\n\t\t\t\t<div class=\"elementor-post__excerpt\">\n\t\t\t<p>STARTER APRIMAGLIA Nettoyant industriel Un nettoyant en spray pour : Textile Manutention industrielle STARTER APRIMAGLIA pr\u00e9sente les caract\u00e9ristiques suivantes : \u00c9limine la graisse, la colle, les incrustations Permet de retirer<\/p>\n\t\t<\/div>\n\t\t\t\t\t<div class=\"elementor-post__read-more-wrapper\">\n\t\t\n\t\t<a class=\"elementor-post__read-more\" href=\"https:\/\/cemda.ma\/?p=2992\" aria-label=\"Read more about STARTER APRIMAGLIA\" tabindex=\"-1\" target=\"_blank\">\n\t\t\tEn savoir plus\t\t<\/a>\n\n\t\t\t\t\t<\/div>\n\t\t\t\t<\/div>\n\t\t\t\t<\/article>\n\t\t\t\t<article class=\"elementor-post elementor-grid-item post-2987 post type-post status-publish format-standard has-post-thumbnail hentry category-uncategorized tag-antirouille tag-bisulfite-de-moybdene tag-debloquant tag-degrippant tag-detergent tag-galvanisant tag-galvanisant-aluminium tag-galvanisant-dore tag-graisse-alimentaire tag-graisse-au-cuivre tag-graisse-au-lithium tag-graisse-blanche tag-huile-de-coupe tag-huile-penetrante tag-industrie tag-lubrifiant tag-lubrifiant-alimentaire tag-lubrifiant-sec tag-manutention tag-nettoyant tag-nettoyant-air-conditionne tag-nettoyant-informatique tag-plastique tag-ptfe tag-soudure tag-spray-technique tag-zinc-brillant tag-zinc-spray\">\n\t\t\t\t<a class=\"elementor-post__thumbnail__link\" href=\"https:\/\/cemda.ma\/?p=2987\" tabindex=\"-1\" target=&quot;_blank&quot;>\n\t\t\t<div class=\"elementor-post__thumbnail\"><img loading=\"lazy\" decoding=\"async\" width=\"300\" height=\"300\" src=\"https:\/\/cemda.ma\/wp-content\/uploads\/2024\/05\/PULISUPER-300x300.png\" class=\"attachment-medium size-medium wp-image-2807\" alt=\"\" srcset=\"https:\/\/cemda.ma\/wp-content\/uploads\/2024\/05\/PULISUPER-300x300.png 300w, https:\/\/cemda.ma\/wp-content\/uploads\/2024\/05\/PULISUPER-150x150.png 150w, https:\/\/cemda.ma\/wp-content\/uploads\/2024\/05\/PULISUPER.png 500w\" sizes=\"(max-width: 300px) 100vw, 300px\" \/><\/div>\n\t\t<\/a>\n\t\t\t\t<div class=\"elementor-post__text\">\n\t\t\t\t<h1 class=\"elementor-post__title\">\n\t\t\t<a href=\"https:\/\/cemda.ma\/?p=2987\" target=&quot;_blank&quot;>\n\t\t\t\tPULISUPER\t\t\t<\/a>\n\t\t<\/h1>\n\t\t\t\t<div class=\"elementor-post__meta-data\">\n\t\t\t\t\t<span class=\"elementor-post-date\">\n\t\t\tMay 10, 2024\t\t<\/span>\n\t\t\t\t<\/div>\n\t\t\t\t<div class=\"elementor-post__excerpt\">\n\t\t\t<p>PULISUPER D\u00e9tergeant nettoyant en spray moussant Un nettoyant en spray pour : Textile Manutention industrielle Automobile Arts graphiques Assainissement PULISUPER pr\u00e9sente les caract\u00e9ristiques suivantes : Nettoyant actif en mousse Contre<\/p>\n\t\t<\/div>\n\t\t\t\t\t<div class=\"elementor-post__read-more-wrapper\">\n\t\t\n\t\t<a class=\"elementor-post__read-more\" href=\"https:\/\/cemda.ma\/?p=2987\" aria-label=\"Read more about PULISUPER\" tabindex=\"-1\" target=\"_blank\">\n\t\t\tEn savoir plus\t\t<\/a>\n\n\t\t\t\t\t<\/div>\n\t\t\t\t<\/div>\n\t\t\t\t<\/article>\n\t\t\t\t<article class=\"elementor-post elementor-grid-item post-2982 post type-post status-publish format-standard has-post-thumbnail hentry category-uncategorized tag-antirouille tag-bisulfite-de-moybdene tag-debloquant tag-degrippant tag-detergent tag-galvanisant tag-galvanisant-aluminium tag-galvanisant-dore tag-graisse-alimentaire tag-graisse-au-cuivre tag-graisse-au-lithium tag-graisse-blanche tag-huile-de-coupe tag-huile-penetrante tag-industrie tag-lubrifiant tag-lubrifiant-alimentaire tag-lubrifiant-sec tag-manutention tag-nettoyant-air-conditionne tag-nettoyant-informatique tag-plastique tag-ptfe tag-soudure tag-spray-technique tag-zinc-brillant tag-zinc-spray\">\n\t\t\t\t<a class=\"elementor-post__thumbnail__link\" href=\"https:\/\/cemda.ma\/?p=2982\" tabindex=\"-1\" target=&quot;_blank&quot;>\n\t\t\t<div class=\"elementor-post__thumbnail\"><img loading=\"lazy\" decoding=\"async\" width=\"300\" height=\"300\" src=\"https:\/\/cemda.ma\/wp-content\/uploads\/2024\/05\/AIRPRESS-300x300.png\" class=\"attachment-medium size-medium wp-image-2795\" alt=\"\" srcset=\"https:\/\/cemda.ma\/wp-content\/uploads\/2024\/05\/AIRPRESS-300x300.png 300w, https:\/\/cemda.ma\/wp-content\/uploads\/2024\/05\/AIRPRESS-150x150.png 150w, https:\/\/cemda.ma\/wp-content\/uploads\/2024\/05\/AIRPRESS.png 500w\" sizes=\"(max-width: 300px) 100vw, 300px\" \/><\/div>\n\t\t<\/a>\n\t\t\t\t<div class=\"elementor-post__text\">\n\t\t\t\t<h1 class=\"elementor-post__title\">\n\t\t\t<a href=\"https:\/\/cemda.ma\/?p=2982\" target=&quot;_blank&quot;>\n\t\t\t\tAIRPRESS\t\t\t<\/a>\n\t\t<\/h1>\n\t\t\t\t<div class=\"elementor-post__meta-data\">\n\t\t\t\t\t<span class=\"elementor-post-date\">\n\t\t\tMay 10, 2024\t\t<\/span>\n\t\t\t\t<\/div>\n\t\t\t\t<div class=\"elementor-post__excerpt\">\n\t\t\t<p>AIRPRESS Nettoyant pour ordinateur Un nettoyant en spray pour : Textile Manutention industrielle AIRPRESS pr\u00e9sente les caract\u00e9ristiques suivantes : Inflammable. Enl\u00e8ve la poussi\u00e8re. Pour les ordinateurs, claviers, appareils optiques, pi\u00e8ces<\/p>\n\t\t<\/div>\n\t\t\t\t\t<div class=\"elementor-post__read-more-wrapper\">\n\t\t\n\t\t<a class=\"elementor-post__read-more\" href=\"https:\/\/cemda.ma\/?p=2982\" aria-label=\"Read more about AIRPRESS\" tabindex=\"-1\" target=\"_blank\">\n\t\t\tEn savoir plus\t\t<\/a>\n\n\t\t\t\t\t<\/div>\n\t\t\t\t<\/div>\n\t\t\t\t<\/article>\n\t\t\t\t<article class=\"elementor-post elementor-grid-item post-2977 post type-post status-publish format-standard has-post-thumbnail hentry category-uncategorized tag-antirouille tag-bisulfite-de-moybdene tag-debloquant tag-degrippant tag-detergent tag-galvanisant tag-galvanisant-aluminium tag-galvanisant-dore tag-graisse-alimentaire tag-graisse-au-cuivre tag-graisse-au-lithium tag-graisse-blanche tag-huile-de-coupe tag-huile-penetrante tag-industrie tag-lubrifiant tag-lubrifiant-alimentaire tag-lubrifiant-sec tag-manutention tag-nettoyant-air-conditionne tag-plastique tag-ptfe tag-soudure tag-spray-technique tag-zinc-brillant tag-zinc-spray\">\n\t\t\t\t<a class=\"elementor-post__thumbnail__link\" href=\"https:\/\/cemda.ma\/?p=2977\" tabindex=\"-1\" target=&quot;_blank&quot;>\n\t\t\t<div class=\"elementor-post__thumbnail\"><img loading=\"lazy\" decoding=\"async\" width=\"300\" height=\"300\" src=\"https:\/\/cemda.ma\/wp-content\/uploads\/2024\/05\/AIRCLIN-300x300.png\" class=\"attachment-medium size-medium wp-image-2845\" alt=\"\" srcset=\"https:\/\/cemda.ma\/wp-content\/uploads\/2024\/05\/AIRCLIN-300x300.png 300w, https:\/\/cemda.ma\/wp-content\/uploads\/2024\/05\/AIRCLIN-150x150.png 150w, https:\/\/cemda.ma\/wp-content\/uploads\/2024\/05\/AIRCLIN.png 500w\" sizes=\"(max-width: 300px) 100vw, 300px\" \/><\/div>\n\t\t<\/a>\n\t\t\t\t<div class=\"elementor-post__text\">\n\t\t\t\t<h1 class=\"elementor-post__title\">\n\t\t\t<a href=\"https:\/\/cemda.ma\/?p=2977\" target=&quot;_blank&quot;>\n\t\t\t\tAIRCLIN\t\t\t<\/a>\n\t\t<\/h1>\n\t\t\t\t<div class=\"elementor-post__meta-data\">\n\t\t\t\t\t<span class=\"elementor-post-date\">\n\t\t\tMay 10, 2024\t\t<\/span>\n\t\t\t\t<\/div>\n\t\t\t\t<div class=\"elementor-post__excerpt\">\n\t\t\t<p>AIRCLIN Nettoyant pour air conditionn\u00e9 Un nettoyant en spray pour : L&#8217;automobile L&#8217;assainissement AIRCLIN pr\u00e9sente les caract\u00e9ristiques suivantes : Nettoie et aseptise les syst\u00e8mes de conditionnement d\u2019air Usage domestique et<\/p>\n\t\t<\/div>\n\t\t\t\t\t<div class=\"elementor-post__read-more-wrapper\">\n\t\t\n\t\t<a class=\"elementor-post__read-more\" href=\"https:\/\/cemda.ma\/?p=2977\" aria-label=\"Read more about AIRCLIN\" tabindex=\"-1\" target=\"_blank\">\n\t\t\tEn savoir plus\t\t<\/a>\n\n\t\t\t\t\t<\/div>\n\t\t\t\t<\/div>\n\t\t\t\t<\/article>\n\t\t\t\t<article class=\"elementor-post elementor-grid-item post-2972 post type-post status-publish format-standard has-post-thumbnail hentry category-uncategorized tag-antirouille tag-bisulfite-de-moybdene tag-debloquant tag-degrippant tag-detergent tag-galvanisant tag-galvanisant-aluminium tag-galvanisant-dore tag-graisse-alimentaire tag-graisse-au-cuivre tag-graisse-au-lithium tag-graisse-blanche tag-huile-de-coupe tag-huile-penetrante tag-industrie tag-lubrifiant tag-lubrifiant-alimentaire tag-lubrifiant-sec tag-manutention tag-plastique tag-ptfe tag-soudure tag-spray-technique tag-zinc-brillant tag-zinc-spray\">\n\t\t\t\t<a class=\"elementor-post__thumbnail__link\" href=\"https:\/\/cemda.ma\/?p=2972\" tabindex=\"-1\" target=&quot;_blank&quot;>\n\t\t\t<div class=\"elementor-post__thumbnail\"><img loading=\"lazy\" decoding=\"async\" width=\"300\" height=\"300\" src=\"https:\/\/cemda.ma\/wp-content\/uploads\/2024\/05\/OROSIL-300x300.png\" class=\"attachment-medium size-medium wp-image-2805\" alt=\"\" srcset=\"https:\/\/cemda.ma\/wp-content\/uploads\/2024\/05\/OROSIL-300x300.png 300w, https:\/\/cemda.ma\/wp-content\/uploads\/2024\/05\/OROSIL-150x150.png 150w, https:\/\/cemda.ma\/wp-content\/uploads\/2024\/05\/OROSIL.png 500w\" sizes=\"(max-width: 300px) 100vw, 300px\" \/><\/div>\n\t\t<\/a>\n\t\t\t\t<div class=\"elementor-post__text\">\n\t\t\t\t<h1 class=\"elementor-post__title\">\n\t\t\t<a href=\"https:\/\/cemda.ma\/?p=2972\" target=&quot;_blank&quot;>\n\t\t\t\tOROSIL\t\t\t<\/a>\n\t\t<\/h1>\n\t\t\t\t<div class=\"elementor-post__meta-data\">\n\t\t\t\t\t<span class=\"elementor-post-date\">\n\t\t\tMay 10, 2024\t\t<\/span>\n\t\t\t\t<\/div>\n\t\t\t\t<div class=\"elementor-post__excerpt\">\n\t\t\t<p>OROSIL Galvanisant spray Un galvanisant spray pour : La manutention industrielle La soudure OROSIL pr\u00e9sente les caract\u00e9ristiques suivantes : Haute protection. S\u00e8che rapidement Recouvrable avec de la peinture. \u00a0 Pour<\/p>\n\t\t<\/div>\n\t\t\t\t\t<div class=\"elementor-post__read-more-wrapper\">\n\t\t\n\t\t<a class=\"elementor-post__read-more\" href=\"https:\/\/cemda.ma\/?p=2972\" aria-label=\"Read more about OROSIL\" tabindex=\"-1\" target=\"_blank\">\n\t\t\tEn savoir plus\t\t<\/a>\n\n\t\t\t\t\t<\/div>\n\t\t\t\t<\/div>\n\t\t\t\t<\/article>\n\t\t\t\t<article class=\"elementor-post elementor-grid-item post-2967 post type-post status-publish format-standard has-post-thumbnail hentry category-uncategorized tag-antirouille tag-bisulfite-de-moybdene tag-debloquant tag-degrippant tag-detergent tag-galvanisant tag-galvanisant-aluminium tag-graisse-alimentaire tag-graisse-au-cuivre tag-graisse-au-lithium tag-graisse-blanche tag-huile-de-coupe tag-huile-penetrante tag-industrie tag-lubrifiant tag-lubrifiant-alimentaire tag-lubrifiant-sec tag-manutention tag-plastique tag-ptfe tag-soudure tag-spray-technique tag-zinc-brillant tag-zinc-spray\">\n\t\t\t\t<a class=\"elementor-post__thumbnail__link\" href=\"https:\/\/cemda.ma\/?p=2967\" tabindex=\"-1\" target=&quot;_blank&quot;>\n\t\t\t<div class=\"elementor-post__thumbnail\"><img loading=\"lazy\" decoding=\"async\" width=\"112\" height=\"300\" src=\"https:\/\/cemda.ma\/wp-content\/uploads\/2024\/05\/ALUSIL-112x300.jpg\" class=\"attachment-medium size-medium wp-image-2796\" alt=\"\" srcset=\"https:\/\/cemda.ma\/wp-content\/uploads\/2024\/05\/ALUSIL-112x300.jpg 112w, https:\/\/cemda.ma\/wp-content\/uploads\/2024\/05\/ALUSIL.jpg 131w\" sizes=\"(max-width: 112px) 100vw, 112px\" \/><\/div>\n\t\t<\/a>\n\t\t\t\t<div class=\"elementor-post__text\">\n\t\t\t\t<h1 class=\"elementor-post__title\">\n\t\t\t<a href=\"https:\/\/cemda.ma\/?p=2967\" target=&quot;_blank&quot;>\n\t\t\t\tALUSIL\t\t\t<\/a>\n\t\t<\/h1>\n\t\t\t\t<div class=\"elementor-post__meta-data\">\n\t\t\t\t\t<span class=\"elementor-post-date\">\n\t\t\tMay 10, 2024\t\t<\/span>\n\t\t\t\t<\/div>\n\t\t\t\t<div class=\"elementor-post__excerpt\">\n\t\t\t<p>ALUSIL Galvanisant spray Un galvanisant spray pour : La manutention industrielle La soudure ALUSIL pr\u00e9sente les caract\u00e9ristiques suivantes : Couleur aluminium clair Ne goutte pas S\u00e8che rapidement R\u00e9siste \u00e0 l\u2019oxydation<\/p>\n\t\t<\/div>\n\t\t\t\t\t<div class=\"elementor-post__read-more-wrapper\">\n\t\t\n\t\t<a class=\"elementor-post__read-more\" href=\"https:\/\/cemda.ma\/?p=2967\" aria-label=\"Read more about ALUSIL\" tabindex=\"-1\" target=\"_blank\">\n\t\t\tEn savoir plus\t\t<\/a>\n\n\t\t\t\t\t<\/div>\n\t\t\t\t<\/div>\n\t\t\t\t<\/article>\n\t\t\t\t<article class=\"elementor-post elementor-grid-item post-2962 post type-post status-publish format-standard has-post-thumbnail hentry category-uncategorized tag-antirouille tag-bisulfite-de-moybdene tag-debloquant tag-degrippant tag-detergent tag-galvanisant tag-graisse-alimentaire tag-graisse-au-cuivre tag-graisse-au-lithium tag-graisse-blanche tag-huile-de-coupe tag-huile-penetrante tag-industrie tag-lubrifiant tag-lubrifiant-alimentaire tag-lubrifiant-sec tag-manutention tag-plastique tag-ptfe tag-soudure tag-spray-technique tag-zinc-brillant tag-zinc-spray\">\n\t\t\t\t<a class=\"elementor-post__thumbnail__link\" href=\"https:\/\/cemda.ma\/?p=2962\" tabindex=\"-1\" target=&quot;_blank&quot;>\n\t\t\t<div class=\"elementor-post__thumbnail\"><img loading=\"lazy\" decoding=\"async\" width=\"300\" height=\"300\" src=\"https:\/\/cemda.ma\/wp-content\/uploads\/2024\/05\/INOXIL-300x300.png\" class=\"attachment-medium size-medium wp-image-2801\" alt=\"\" srcset=\"https:\/\/cemda.ma\/wp-content\/uploads\/2024\/05\/INOXIL-300x300.png 300w, https:\/\/cemda.ma\/wp-content\/uploads\/2024\/05\/INOXIL-150x150.png 150w, https:\/\/cemda.ma\/wp-content\/uploads\/2024\/05\/INOXIL.png 500w\" sizes=\"(max-width: 300px) 100vw, 300px\" \/><\/div>\n\t\t<\/a>\n\t\t\t\t<div class=\"elementor-post__text\">\n\t\t\t\t<h1 class=\"elementor-post__title\">\n\t\t\t<a href=\"https:\/\/cemda.ma\/?p=2962\" target=&quot;_blank&quot;>\n\t\t\t\tINOXSIL\t\t\t<\/a>\n\t\t<\/h1>\n\t\t\t\t<div class=\"elementor-post__meta-data\">\n\t\t\t\t\t<span class=\"elementor-post-date\">\n\t\t\tMay 10, 2024\t\t<\/span>\n\t\t\t\t<\/div>\n\t\t\t\t<div class=\"elementor-post__excerpt\">\n\t\t\t<p>INOXSIL Galvanisant spray Un galvanisant spray pour : La manutention industrielle La soudure INOXSIL pr\u00e9sente les caract\u00e9ristiques suivantes : Couleur acier Ne goutte pas S\u00e8che rapidement R\u00e9siste \u00e0 l\u2019oxydation Pour<\/p>\n\t\t<\/div>\n\t\t\t\t\t<div class=\"elementor-post__read-more-wrapper\">\n\t\t\n\t\t<a class=\"elementor-post__read-more\" href=\"https:\/\/cemda.ma\/?p=2962\" aria-label=\"Read more about INOXSIL\" tabindex=\"-1\" target=\"_blank\">\n\t\t\tEn savoir plus\t\t<\/a>\n\n\t\t\t\t\t<\/div>\n\t\t\t\t<\/div>\n\t\t\t\t<\/article>\n\t\t\t\t<\/div>\n\t\t\n\t\t\t\t<div class=\"e-load-more-anchor\" data-page=\"1\" data-max-page=\"4\" data-next-page=\"https:\/\/cemda.ma\/index.php?rest_route=%2Fwp%2Fv2%2Fpages%2F2391&#038;paged=2\"><\/div>\n\t\t\t\t<nav class=\"elementor-pagination\" aria-label=\"Pagination\">\n\t\t\t<span aria-current=\"page\" class=\"page-numbers current\"><span class=\"elementor-screen-only\">Page<\/span>1<\/span>\n<a class=\"page-numbers\" href=\"https:\/\/cemda.ma\/index.php\/?paged=2\"><span class=\"elementor-screen-only\">Page<\/span>2<\/a>\n<a class=\"page-numbers\" href=\"https:\/\/cemda.ma\/index.php\/?paged=3\"><span class=\"elementor-screen-only\">Page<\/span>3<\/a>\n<a class=\"page-numbers\" href=\"https:\/\/cemda.ma\/index.php\/?paged=4\"><span class=\"elementor-screen-only\">Page<\/span>4<\/a>\t\t<\/nav>\n\t\t\t\t<\/div>\n\t\t\t\t<\/div>\n\t\t\t\t\t<\/div>\n\t\t\t\t<\/div>\n\t\t\t\t<\/div>\n\t\t","protected":false},"excerpt":{"rendered":"<p>Actualit\u00e9s Accueil \/ Actualit\u00e9s<\/p>\n","protected":false},"author":1,"featured_media":0,"parent":0,"menu_order":0,"comment_status":"closed","ping_status":"closed","template":"elementor_header_footer","meta":{"footnotes":""},"class_list":["post-2391","page","type-page","status-publish","hentry"],"_links":{"self":[{"href":"https:\/\/cemda.ma\/index.php?rest_route=\/wp\/v2\/pages\/2391","targetHints":{"allow":["GET"]}}],"collection":[{"href":"https:\/\/cemda.ma\/index.php?rest_route=\/wp\/v2\/pages"}],"about":[{"href":"https:\/\/cemda.ma\/index.php?rest_route=\/wp\/v2\/types\/page"}],"author":[{"embeddable":true,"href":"https:\/\/cemda.ma\/index.php?rest_route=\/wp\/v2\/users\/1"}],"replies":[{"embeddable":true,"href":"https:\/\/cemda.ma\/index.php?rest_route=%2Fwp%2Fv2%2Fcomments&post=2391"}],"version-history":[{"count":0,"href":"https:\/\/cemda.ma\/index.php?rest_route=\/wp\/v2\/pages\/2391\/revisions"}],"wp:attachment":[{"href":"https:\/\/cemda.ma\/index.php?rest_route=%2Fwp%2Fv2%2Fmedia&parent=2391"}],"curies":[{"name":"wp","href":"https:\/\/api.w.org\/{rel}","templated":true}]}}