{"id":3182,"date":"2024-05-23T06:48:34","date_gmt":"2024-05-23T06:48:34","guid":{"rendered":"https:\/\/cemda.ma\/?page_id=3182"},"modified":"2024-12-24T12:46:33","modified_gmt":"2024-12-24T12:46:33","slug":"produit","status":"publish","type":"page","link":"https:\/\/cemda.ma\/?page_id=3182","title":{"rendered":"Produit"},"content":{"rendered":"<style>\/*! elementor - v3.21.0 - 08-05-2024 *\/\n.elementor-heading-title{padding:0;margin:0;line-height:1}.elementor-widget-heading .elementor-heading-title[class*=elementor-size-]>a{color:inherit;font-size:inherit;line-height:inherit}.elementor-widget-heading .elementor-heading-title.elementor-size-small{font-size:15px}.elementor-widget-heading .elementor-heading-title.elementor-size-medium{font-size:19px}.elementor-widget-heading .elementor-heading-title.elementor-size-large{font-size:29px}.elementor-widget-heading .elementor-heading-title.elementor-size-xl{font-size:39px}.elementor-widget-heading .elementor-heading-title.elementor-size-xxl{font-size:59px}<\/style>\n<h2><a href=\"#\">Accueil   \/   Produit<\/a><\/h2>\n<h2>Notre Expertise au Service de Vos Besoins<\/h2>\n<h2>D\u00e9couvrez Nos Solutions Sur Mesure<\/h2>\n<style>.elementor-3211 .elementor-element.elementor-element-ea5efff{--display:flex;--background-transition:0.3s;}.elementor-3211 .elementor-element.elementor-element-c054e1e{--display:flex;--background-transition:0.3s;--border-radius:20px 20px 20px 20px;box-shadow:0px 0px 10px 0px rgba(0,0,0,0.5);}.elementor-3211 .elementor-element.elementor-element-f02ab03 .jet-listing-dynamic-image{justify-content:flex-start;}.elementor-3211 .elementor-element.elementor-element-f02ab03 .jet-listing-dynamic-image a{width:100%;}.elementor-3211 .elementor-element.elementor-element-f02ab03 .jet-listing-dynamic-image img{width:100%;height:340px;object-fit:cover;border-radius:20px 20px 20px 20px;}.elementor-3211 .elementor-element.elementor-element-e0ebe0d .jet-listing-dynamic-field__content{color:var( --e-global-color-0187e5d );font-size:19px;font-weight:500;text-align:left;}.elementor-3211 .elementor-element.elementor-element-e0ebe0d .jet-listing-dynamic-field .jet-listing-dynamic-field__inline-wrap{width:auto;}.elementor-3211 .elementor-element.elementor-element-e0ebe0d .jet-listing-dynamic-field .jet-listing-dynamic-field__content{width:auto;}.elementor-3211 .elementor-element.elementor-element-e0ebe0d .jet-listing-dynamic-field{justify-content:flex-start;}.elementor-3211 .elementor-element.elementor-element-1534caa .jet-listing-dynamic-link__link{align-self:flex-start;font-size:16px;font-weight:600;background-color:var( --e-global-color-primary );color:var( --e-global-color-6b2215e );padding:11px 20px 10px 20px;border-radius:50px 50px 50px 50px;flex-direction:row;}.elementor-3211 .elementor-element.elementor-element-1534caa .jet-listing-dynamic-link__icon{order:1;}<\/style>\n<p>\t\t\t<img fetchpriority=\"high\" width=\"364\" height=\"364\" src=\"https:\/\/cemda.ma\/wp-content\/uploads\/2024\/04\/Filtres-a-Huile-1.jpg\" alt=\"Filtres-a-Huile-1\" decoding=\"async\" srcset=\"https:\/\/cemda.ma\/wp-content\/uploads\/2024\/04\/Filtres-a-Huile-1.jpg 364w, https:\/\/cemda.ma\/wp-content\/uploads\/2024\/04\/Filtres-a-Huile-1-300x300.jpg 300w, https:\/\/cemda.ma\/wp-content\/uploads\/2024\/04\/Filtres-a-Huile-1-150x150.jpg 150w\" sizes=\"(max-width: 364px) 100vw, 364px\" loading=\"eager\" \/><br \/>\n\t\t\tFiltration et \u00e9l\u00e9ments filtrants<br \/>\n\t\t\t<a href=\"https:\/\/cemda.ma\/index.php\/categories-products\/filtration-et-elements-filtrants\/\">Voir Plus<\/a>\t\t<\/p>\n<style>.elementor-3211 .elementor-element.elementor-element-ea5efff{--display:flex;--background-transition:0.3s;}.elementor-3211 .elementor-element.elementor-element-c054e1e{--display:flex;--background-transition:0.3s;--border-radius:20px 20px 20px 20px;box-shadow:0px 0px 10px 0px rgba(0,0,0,0.5);}.elementor-3211 .elementor-element.elementor-element-f02ab03 .jet-listing-dynamic-image{justify-content:flex-start;}.elementor-3211 .elementor-element.elementor-element-f02ab03 .jet-listing-dynamic-image a{width:100%;}.elementor-3211 .elementor-element.elementor-element-f02ab03 .jet-listing-dynamic-image img{width:100%;height:340px;object-fit:cover;border-radius:20px 20px 20px 20px;}.elementor-3211 .elementor-element.elementor-element-e0ebe0d .jet-listing-dynamic-field__content{color:var( --e-global-color-0187e5d );font-size:19px;font-weight:500;text-align:left;}.elementor-3211 .elementor-element.elementor-element-e0ebe0d .jet-listing-dynamic-field .jet-listing-dynamic-field__inline-wrap{width:auto;}.elementor-3211 .elementor-element.elementor-element-e0ebe0d .jet-listing-dynamic-field .jet-listing-dynamic-field__content{width:auto;}.elementor-3211 .elementor-element.elementor-element-e0ebe0d .jet-listing-dynamic-field{justify-content:flex-start;}.elementor-3211 .elementor-element.elementor-element-1534caa .jet-listing-dynamic-link__link{align-self:flex-start;font-size:16px;font-weight:600;background-color:var( --e-global-color-primary );color:var( --e-global-color-6b2215e );padding:11px 20px 10px 20px;border-radius:50px 50px 50px 50px;flex-direction:row;}.elementor-3211 .elementor-element.elementor-element-1534caa .jet-listing-dynamic-link__icon{order:1;}<\/style>\n<p>\t\t\t<img width=\"1024\" height=\"1024\" src=\"https:\/\/cemda.ma\/wp-content\/uploads\/2024\/04\/s-zoom.webp\" alt=\"s-zoom\" decoding=\"async\" srcset=\"https:\/\/cemda.ma\/wp-content\/uploads\/2024\/04\/s-zoom.webp 1024w, https:\/\/cemda.ma\/wp-content\/uploads\/2024\/04\/s-zoom-300x300.webp 300w, https:\/\/cemda.ma\/wp-content\/uploads\/2024\/04\/s-zoom-150x150.webp 150w, https:\/\/cemda.ma\/wp-content\/uploads\/2024\/04\/s-zoom-768x768.webp 768w\" sizes=\"(max-width: 1024px) 100vw, 1024px\" loading=\"eager\" \/><br \/>\n\t\t\tFourniture de bureau<br \/>\n\t\t\t<a href=\"https:\/\/cemda.ma\/index.php\/categories-products\/fourniture-de-bureau\/\">Voir Plus<\/a>\t\t<\/p>\n<style>.elementor-3211 .elementor-element.elementor-element-ea5efff{--display:flex;--background-transition:0.3s;}.elementor-3211 .elementor-element.elementor-element-c054e1e{--display:flex;--background-transition:0.3s;--border-radius:20px 20px 20px 20px;box-shadow:0px 0px 10px 0px rgba(0,0,0,0.5);}.elementor-3211 .elementor-element.elementor-element-f02ab03 .jet-listing-dynamic-image{justify-content:flex-start;}.elementor-3211 .elementor-element.elementor-element-f02ab03 .jet-listing-dynamic-image a{width:100%;}.elementor-3211 .elementor-element.elementor-element-f02ab03 .jet-listing-dynamic-image img{width:100%;height:340px;object-fit:cover;border-radius:20px 20px 20px 20px;}.elementor-3211 .elementor-element.elementor-element-e0ebe0d .jet-listing-dynamic-field__content{color:var( --e-global-color-0187e5d );font-size:19px;font-weight:500;text-align:left;}.elementor-3211 .elementor-element.elementor-element-e0ebe0d .jet-listing-dynamic-field .jet-listing-dynamic-field__inline-wrap{width:auto;}.elementor-3211 .elementor-element.elementor-element-e0ebe0d .jet-listing-dynamic-field .jet-listing-dynamic-field__content{width:auto;}.elementor-3211 .elementor-element.elementor-element-e0ebe0d .jet-listing-dynamic-field{justify-content:flex-start;}.elementor-3211 .elementor-element.elementor-element-1534caa .jet-listing-dynamic-link__link{align-self:flex-start;font-size:16px;font-weight:600;background-color:var( --e-global-color-primary );color:var( --e-global-color-6b2215e );padding:11px 20px 10px 20px;border-radius:50px 50px 50px 50px;flex-direction:row;}.elementor-3211 .elementor-element.elementor-element-1534caa .jet-listing-dynamic-link__icon{order:1;}<\/style>\n<p>\t\t\t<img width=\"768\" height=\"576\" src=\"https:\/\/cemda.ma\/wp-content\/uploads\/2024\/04\/Pompes-768x576-1.jpg\" alt=\"Pompes-768x576\" decoding=\"async\" srcset=\"https:\/\/cemda.ma\/wp-content\/uploads\/2024\/04\/Pompes-768x576-1.jpg 768w, https:\/\/cemda.ma\/wp-content\/uploads\/2024\/04\/Pompes-768x576-1-300x225.jpg 300w\" sizes=\"(max-width: 768px) 100vw, 768px\" loading=\"eager\" \/><br \/>\n\t\t\tFourniture industrielle<br \/>\n\t\t\t<a href=\"https:\/\/cemda.ma\/index.php\/categories-products\/fourniture-industrielle\/\">Voir Plus<\/a>\t\t<\/p>\n<style>.elementor-3211 .elementor-element.elementor-element-ea5efff{--display:flex;--background-transition:0.3s;}.elementor-3211 .elementor-element.elementor-element-c054e1e{--display:flex;--background-transition:0.3s;--border-radius:20px 20px 20px 20px;box-shadow:0px 0px 10px 0px rgba(0,0,0,0.5);}.elementor-3211 .elementor-element.elementor-element-f02ab03 .jet-listing-dynamic-image{justify-content:flex-start;}.elementor-3211 .elementor-element.elementor-element-f02ab03 .jet-listing-dynamic-image a{width:100%;}.elementor-3211 .elementor-element.elementor-element-f02ab03 .jet-listing-dynamic-image img{width:100%;height:340px;object-fit:cover;border-radius:20px 20px 20px 20px;}.elementor-3211 .elementor-element.elementor-element-e0ebe0d .jet-listing-dynamic-field__content{color:var( --e-global-color-0187e5d );font-size:19px;font-weight:500;text-align:left;}.elementor-3211 .elementor-element.elementor-element-e0ebe0d .jet-listing-dynamic-field .jet-listing-dynamic-field__inline-wrap{width:auto;}.elementor-3211 .elementor-element.elementor-element-e0ebe0d .jet-listing-dynamic-field .jet-listing-dynamic-field__content{width:auto;}.elementor-3211 .elementor-element.elementor-element-e0ebe0d .jet-listing-dynamic-field{justify-content:flex-start;}.elementor-3211 .elementor-element.elementor-element-1534caa .jet-listing-dynamic-link__link{align-self:flex-start;font-size:16px;font-weight:600;background-color:var( --e-global-color-primary );color:var( --e-global-color-6b2215e );padding:11px 20px 10px 20px;border-radius:50px 50px 50px 50px;flex-direction:row;}.elementor-3211 .elementor-element.elementor-element-1534caa .jet-listing-dynamic-link__icon{order:1;}<\/style>\n<p>\t\t\t<img width=\"950\" height=\"430\" src=\"https:\/\/cemda.ma\/wp-content\/uploads\/2024\/04\/Huile.jpg\" alt=\"Huile\" decoding=\"async\" srcset=\"https:\/\/cemda.ma\/wp-content\/uploads\/2024\/04\/Huile.jpg 950w, https:\/\/cemda.ma\/wp-content\/uploads\/2024\/04\/Huile-300x136.jpg 300w, https:\/\/cemda.ma\/wp-content\/uploads\/2024\/04\/Huile-768x348.jpg 768w\" sizes=\"(max-width: 950px) 100vw, 950px\" loading=\"eager\" \/><br \/>\n\t\t\tGraisses et lubrifiants<br \/>\n\t\t\t<a href=\"https:\/\/cemda.ma\/index.php\/categories-products\/graisses-et-lubrifiants\/\">Voir Plus<\/a>\t\t<\/p>\n<style>.elementor-3211 .elementor-element.elementor-element-ea5efff{--display:flex;--background-transition:0.3s;}.elementor-3211 .elementor-element.elementor-element-c054e1e{--display:flex;--background-transition:0.3s;--border-radius:20px 20px 20px 20px;box-shadow:0px 0px 10px 0px rgba(0,0,0,0.5);}.elementor-3211 .elementor-element.elementor-element-f02ab03 .jet-listing-dynamic-image{justify-content:flex-start;}.elementor-3211 .elementor-element.elementor-element-f02ab03 .jet-listing-dynamic-image a{width:100%;}.elementor-3211 .elementor-element.elementor-element-f02ab03 .jet-listing-dynamic-image img{width:100%;height:340px;object-fit:cover;border-radius:20px 20px 20px 20px;}.elementor-3211 .elementor-element.elementor-element-e0ebe0d .jet-listing-dynamic-field__content{color:var( --e-global-color-0187e5d );font-size:19px;font-weight:500;text-align:left;}.elementor-3211 .elementor-element.elementor-element-e0ebe0d .jet-listing-dynamic-field .jet-listing-dynamic-field__inline-wrap{width:auto;}.elementor-3211 .elementor-element.elementor-element-e0ebe0d .jet-listing-dynamic-field .jet-listing-dynamic-field__content{width:auto;}.elementor-3211 .elementor-element.elementor-element-e0ebe0d .jet-listing-dynamic-field{justify-content:flex-start;}.elementor-3211 .elementor-element.elementor-element-1534caa .jet-listing-dynamic-link__link{align-self:flex-start;font-size:16px;font-weight:600;background-color:var( --e-global-color-primary );color:var( --e-global-color-6b2215e );padding:11px 20px 10px 20px;border-radius:50px 50px 50px 50px;flex-direction:row;}.elementor-3211 .elementor-element.elementor-element-1534caa .jet-listing-dynamic-link__icon{order:1;}<\/style>\n<p>\t\t\t<img width=\"681\" height=\"367\" src=\"https:\/\/cemda.ma\/wp-content\/uploads\/2024\/04\/Signalisation-1.jpg\" alt=\"Signalisation-1\" decoding=\"async\" srcset=\"https:\/\/cemda.ma\/wp-content\/uploads\/2024\/04\/Signalisation-1.jpg 681w, https:\/\/cemda.ma\/wp-content\/uploads\/2024\/04\/Signalisation-1-300x162.jpg 300w\" sizes=\"(max-width: 681px) 100vw, 681px\" loading=\"eager\" \/><br \/>\n\t\t\tHygi\u00e8ne et s\u00e9curit\u00e9<br \/>\n\t\t\t<a href=\"https:\/\/cemda.ma\/index.php\/categories-products\/hygiene-et-securite\/\">Voir Plus<\/a>\t\t<\/p>\n<style>.elementor-3211 .elementor-element.elementor-element-ea5efff{--display:flex;--background-transition:0.3s;}.elementor-3211 .elementor-element.elementor-element-c054e1e{--display:flex;--background-transition:0.3s;--border-radius:20px 20px 20px 20px;box-shadow:0px 0px 10px 0px rgba(0,0,0,0.5);}.elementor-3211 .elementor-element.elementor-element-f02ab03 .jet-listing-dynamic-image{justify-content:flex-start;}.elementor-3211 .elementor-element.elementor-element-f02ab03 .jet-listing-dynamic-image a{width:100%;}.elementor-3211 .elementor-element.elementor-element-f02ab03 .jet-listing-dynamic-image img{width:100%;height:340px;object-fit:cover;border-radius:20px 20px 20px 20px;}.elementor-3211 .elementor-element.elementor-element-e0ebe0d .jet-listing-dynamic-field__content{color:var( --e-global-color-0187e5d );font-size:19px;font-weight:500;text-align:left;}.elementor-3211 .elementor-element.elementor-element-e0ebe0d .jet-listing-dynamic-field .jet-listing-dynamic-field__inline-wrap{width:auto;}.elementor-3211 .elementor-element.elementor-element-e0ebe0d .jet-listing-dynamic-field .jet-listing-dynamic-field__content{width:auto;}.elementor-3211 .elementor-element.elementor-element-e0ebe0d .jet-listing-dynamic-field{justify-content:flex-start;}.elementor-3211 .elementor-element.elementor-element-1534caa .jet-listing-dynamic-link__link{align-self:flex-start;font-size:16px;font-weight:600;background-color:var( --e-global-color-primary );color:var( --e-global-color-6b2215e );padding:11px 20px 10px 20px;border-radius:50px 50px 50px 50px;flex-direction:row;}.elementor-3211 .elementor-element.elementor-element-1534caa .jet-listing-dynamic-link__icon{order:1;}<\/style>\n<p>\t\t\t<img width=\"768\" height=\"575\" src=\"https:\/\/cemda.ma\/wp-content\/uploads\/2024\/04\/Profiles-768x575-2.jpg\" alt=\"Profiles-768x575\" decoding=\"async\" srcset=\"https:\/\/cemda.ma\/wp-content\/uploads\/2024\/04\/Profiles-768x575-2.jpg 768w, https:\/\/cemda.ma\/wp-content\/uploads\/2024\/04\/Profiles-768x575-2-300x225.jpg 300w\" sizes=\"(max-width: 768px) 100vw, 768px\" loading=\"eager\" \/><br \/>\n\t\t\tM\u00e9tallurgie et charpente<br \/>\n\t\t\t<a href=\"https:\/\/cemda.ma\/index.php\/categories-products\/metallurgie-et-charpente\/\">Voir Plus<\/a>\t\t<\/p>\n<style>.elementor-3211 .elementor-element.elementor-element-ea5efff{--display:flex;--background-transition:0.3s;}.elementor-3211 .elementor-element.elementor-element-c054e1e{--display:flex;--background-transition:0.3s;--border-radius:20px 20px 20px 20px;box-shadow:0px 0px 10px 0px rgba(0,0,0,0.5);}.elementor-3211 .elementor-element.elementor-element-f02ab03 .jet-listing-dynamic-image{justify-content:flex-start;}.elementor-3211 .elementor-element.elementor-element-f02ab03 .jet-listing-dynamic-image a{width:100%;}.elementor-3211 .elementor-element.elementor-element-f02ab03 .jet-listing-dynamic-image img{width:100%;height:340px;object-fit:cover;border-radius:20px 20px 20px 20px;}.elementor-3211 .elementor-element.elementor-element-e0ebe0d .jet-listing-dynamic-field__content{color:var( --e-global-color-0187e5d );font-size:19px;font-weight:500;text-align:left;}.elementor-3211 .elementor-element.elementor-element-e0ebe0d .jet-listing-dynamic-field .jet-listing-dynamic-field__inline-wrap{width:auto;}.elementor-3211 .elementor-element.elementor-element-e0ebe0d .jet-listing-dynamic-field .jet-listing-dynamic-field__content{width:auto;}.elementor-3211 .elementor-element.elementor-element-e0ebe0d .jet-listing-dynamic-field{justify-content:flex-start;}.elementor-3211 .elementor-element.elementor-element-1534caa .jet-listing-dynamic-link__link{align-self:flex-start;font-size:16px;font-weight:600;background-color:var( --e-global-color-primary );color:var( --e-global-color-6b2215e );padding:11px 20px 10px 20px;border-radius:50px 50px 50px 50px;flex-direction:row;}.elementor-3211 .elementor-element.elementor-element-1534caa .jet-listing-dynamic-link__icon{order:1;}<\/style>\n<p>\t\t\t<img width=\"700\" height=\"700\" src=\"https:\/\/cemda.ma\/wp-content\/uploads\/2024\/04\/Pinces-1.jpg\" alt=\"Pinces (1)\" decoding=\"async\" srcset=\"https:\/\/cemda.ma\/wp-content\/uploads\/2024\/04\/Pinces-1.jpg 700w, https:\/\/cemda.ma\/wp-content\/uploads\/2024\/04\/Pinces-1-300x300.jpg 300w, https:\/\/cemda.ma\/wp-content\/uploads\/2024\/04\/Pinces-1-150x150.jpg 150w\" sizes=\"(max-width: 700px) 100vw, 700px\" loading=\"eager\" \/><br \/>\n\t\t\tOutils \u00e0 main et \u00e9lectroportatif<br \/>\n\t\t\t<a href=\"https:\/\/cemda.ma\/index.php\/categories-products\/outils-a-main-et-electroportatif\/\">Voir Plus<\/a>\t\t<\/p>\n<style>.elementor-3211 .elementor-element.elementor-element-ea5efff{--display:flex;--background-transition:0.3s;}.elementor-3211 .elementor-element.elementor-element-c054e1e{--display:flex;--background-transition:0.3s;--border-radius:20px 20px 20px 20px;box-shadow:0px 0px 10px 0px rgba(0,0,0,0.5);}.elementor-3211 .elementor-element.elementor-element-f02ab03 .jet-listing-dynamic-image{justify-content:flex-start;}.elementor-3211 .elementor-element.elementor-element-f02ab03 .jet-listing-dynamic-image a{width:100%;}.elementor-3211 .elementor-element.elementor-element-f02ab03 .jet-listing-dynamic-image img{width:100%;height:340px;object-fit:cover;border-radius:20px 20px 20px 20px;}.elementor-3211 .elementor-element.elementor-element-e0ebe0d .jet-listing-dynamic-field__content{color:var( --e-global-color-0187e5d );font-size:19px;font-weight:500;text-align:left;}.elementor-3211 .elementor-element.elementor-element-e0ebe0d .jet-listing-dynamic-field .jet-listing-dynamic-field__inline-wrap{width:auto;}.elementor-3211 .elementor-element.elementor-element-e0ebe0d .jet-listing-dynamic-field .jet-listing-dynamic-field__content{width:auto;}.elementor-3211 .elementor-element.elementor-element-e0ebe0d .jet-listing-dynamic-field{justify-content:flex-start;}.elementor-3211 .elementor-element.elementor-element-1534caa .jet-listing-dynamic-link__link{align-self:flex-start;font-size:16px;font-weight:600;background-color:var( --e-global-color-primary );color:var( --e-global-color-6b2215e );padding:11px 20px 10px 20px;border-radius:50px 50px 50px 50px;flex-direction:row;}.elementor-3211 .elementor-element.elementor-element-1534caa .jet-listing-dynamic-link__icon{order:1;}<\/style>\n<p>\t\t\t<img width=\"500\" height=\"500\" src=\"https:\/\/cemda.ma\/wp-content\/uploads\/2024\/05\/AIRCLIN.png\" alt=\"AIRCLIN\" decoding=\"async\" srcset=\"https:\/\/cemda.ma\/wp-content\/uploads\/2024\/05\/AIRCLIN.png 500w, https:\/\/cemda.ma\/wp-content\/uploads\/2024\/05\/AIRCLIN-300x300.png 300w, https:\/\/cemda.ma\/wp-content\/uploads\/2024\/05\/AIRCLIN-150x150.png 150w\" sizes=\"(max-width: 500px) 100vw, 500px\" loading=\"eager\" \/><br \/>\n\t\t\tSprays Techniques<br \/>\n\t\t\t<a href=\"https:\/\/cemda.ma\/index.php\/categories-products\/sprays-techniques\/\">Voir Plus<\/a>\t\t<\/p>\n<style>.elementor-3211 .elementor-element.elementor-element-ea5efff{--display:flex;--background-transition:0.3s;}.elementor-3211 .elementor-element.elementor-element-c054e1e{--display:flex;--background-transition:0.3s;--border-radius:20px 20px 20px 20px;box-shadow:0px 0px 10px 0px rgba(0,0,0,0.5);}.elementor-3211 .elementor-element.elementor-element-f02ab03 .jet-listing-dynamic-image{justify-content:flex-start;}.elementor-3211 .elementor-element.elementor-element-f02ab03 .jet-listing-dynamic-image a{width:100%;}.elementor-3211 .elementor-element.elementor-element-f02ab03 .jet-listing-dynamic-image img{width:100%;height:340px;object-fit:cover;border-radius:20px 20px 20px 20px;}.elementor-3211 .elementor-element.elementor-element-e0ebe0d .jet-listing-dynamic-field__content{color:var( --e-global-color-0187e5d );font-size:19px;font-weight:500;text-align:left;}.elementor-3211 .elementor-element.elementor-element-e0ebe0d .jet-listing-dynamic-field .jet-listing-dynamic-field__inline-wrap{width:auto;}.elementor-3211 .elementor-element.elementor-element-e0ebe0d .jet-listing-dynamic-field .jet-listing-dynamic-field__content{width:auto;}.elementor-3211 .elementor-element.elementor-element-e0ebe0d .jet-listing-dynamic-field{justify-content:flex-start;}.elementor-3211 .elementor-element.elementor-element-1534caa .jet-listing-dynamic-link__link{align-self:flex-start;font-size:16px;font-weight:600;background-color:var( --e-global-color-primary );color:var( --e-global-color-6b2215e );padding:11px 20px 10px 20px;border-radius:50px 50px 50px 50px;flex-direction:row;}.elementor-3211 .elementor-element.elementor-element-1534caa .jet-listing-dynamic-link__icon{order:1;}<\/style>\n<p>\t\t\t<img width=\"2121\" height=\"1414\" src=\"https:\/\/cemda.ma\/wp-content\/uploads\/2024\/04\/Entretien-hygiene.jpg\" alt=\"Cleaning set with products\" decoding=\"async\" srcset=\"https:\/\/cemda.ma\/wp-content\/uploads\/2024\/04\/Entretien-hygiene.jpg 2121w, https:\/\/cemda.ma\/wp-content\/uploads\/2024\/04\/Entretien-hygiene-300x200.jpg 300w, https:\/\/cemda.ma\/wp-content\/uploads\/2024\/04\/Entretien-hygiene-1024x683.jpg 1024w, https:\/\/cemda.ma\/wp-content\/uploads\/2024\/04\/Entretien-hygiene-768x512.jpg 768w, https:\/\/cemda.ma\/wp-content\/uploads\/2024\/04\/Entretien-hygiene-1536x1024.jpg 1536w, https:\/\/cemda.ma\/wp-content\/uploads\/2024\/04\/Entretien-hygiene-2048x1365.jpg 2048w\" sizes=\"(max-width: 2121px) 100vw, 2121px\" loading=\"eager\" \/><br \/>\n\t\t\tNettoyant<br \/>\n\t\t\t<a href=\"https:\/\/cemda.ma\/index.php\/categories-products\/sprays-techniques\/nettoyant\/\">Voir Plus<\/a>\t\t<\/p>\n<style>.elementor-3211 .elementor-element.elementor-element-ea5efff{--display:flex;--background-transition:0.3s;}.elementor-3211 .elementor-element.elementor-element-c054e1e{--display:flex;--background-transition:0.3s;--border-radius:20px 20px 20px 20px;box-shadow:0px 0px 10px 0px rgba(0,0,0,0.5);}.elementor-3211 .elementor-element.elementor-element-f02ab03 .jet-listing-dynamic-image{justify-content:flex-start;}.elementor-3211 .elementor-element.elementor-element-f02ab03 .jet-listing-dynamic-image a{width:100%;}.elementor-3211 .elementor-element.elementor-element-f02ab03 .jet-listing-dynamic-image img{width:100%;height:340px;object-fit:cover;border-radius:20px 20px 20px 20px;}.elementor-3211 .elementor-element.elementor-element-e0ebe0d .jet-listing-dynamic-field__content{color:var( --e-global-color-0187e5d );font-size:19px;font-weight:500;text-align:left;}.elementor-3211 .elementor-element.elementor-element-e0ebe0d .jet-listing-dynamic-field .jet-listing-dynamic-field__inline-wrap{width:auto;}.elementor-3211 .elementor-element.elementor-element-e0ebe0d .jet-listing-dynamic-field .jet-listing-dynamic-field__content{width:auto;}.elementor-3211 .elementor-element.elementor-element-e0ebe0d .jet-listing-dynamic-field{justify-content:flex-start;}.elementor-3211 .elementor-element.elementor-element-1534caa .jet-listing-dynamic-link__link{align-self:flex-start;font-size:16px;font-weight:600;background-color:var( --e-global-color-primary );color:var( --e-global-color-6b2215e );padding:11px 20px 10px 20px;border-radius:50px 50px 50px 50px;flex-direction:row;}.elementor-3211 .elementor-element.elementor-element-1534caa .jet-listing-dynamic-link__icon{order:1;}<\/style>\n<p>\t\t\tGalvanisant<br \/>\n\t\t\t<a href=\"https:\/\/cemda.ma\/index.php\/categories-products\/sprays-techniques\/galvanisation\/\">Voir Plus<\/a><\/p>\n","protected":false},"excerpt":{"rendered":"<p>Accueil \/ Produit Notre Expertise au Service de Vos Besoins D\u00e9couvrez Nos Solutions Sur Mesure Filtration et \u00e9l\u00e9ments filtrants Voir Plus Fourniture de bureau Voir Plus Fourniture industrielle Voir Plus Graisses et lubrifiants Voir Plus Hygi\u00e8ne et s\u00e9curit\u00e9 Voir Plus M\u00e9tallurgie et charpente Voir Plus Outils \u00e0 main et \u00e9lectroportatif Voir Plus Sprays Techniques Voir [&hellip;]<\/p>\n","protected":false},"author":1,"featured_media":0,"parent":0,"menu_order":0,"comment_status":"closed","ping_status":"closed","template":"elementor_header_footer","meta":{"footnotes":""},"class_list":["post-3182","page","type-page","status-publish","hentry"],"_links":{"self":[{"href":"https:\/\/cemda.ma\/index.php?rest_route=\/wp\/v2\/pages\/3182","targetHints":{"allow":["GET"]}}],"collection":[{"href":"https:\/\/cemda.ma\/index.php?rest_route=\/wp\/v2\/pages"}],"about":[{"href":"https:\/\/cemda.ma\/index.php?rest_route=\/wp\/v2\/types\/page"}],"author":[{"embeddable":true,"href":"https:\/\/cemda.ma\/index.php?rest_route=\/wp\/v2\/users\/1"}],"replies":[{"embeddable":true,"href":"https:\/\/cemda.ma\/index.php?rest_route=%2Fwp%2Fv2%2Fcomments&post=3182"}],"version-history":[{"count":1,"href":"https:\/\/cemda.ma\/index.php?rest_route=\/wp\/v2\/pages\/3182\/revisions"}],"predecessor-version":[{"id":3481,"href":"https:\/\/cemda.ma\/index.php?rest_route=\/wp\/v2\/pages\/3182\/revisions\/3481"}],"wp:attachment":[{"href":"https:\/\/cemda.ma\/index.php?rest_route=%2Fwp%2Fv2%2Fmedia&parent=3182"}],"curies":[{"name":"wp","href":"https:\/\/api.w.org\/{rel}","templated":true}]}}